{"id":11,"date":"2015-11-14T00:10:07","date_gmt":"2015-11-13T23:10:07","guid":{"rendered":"http:\/\/labourdenne.fr\/?page_id=11"},"modified":"2024-09-08T14:55:58","modified_gmt":"2024-09-08T13:55:58","slug":"atelier-couture","status":"publish","type":"page","link":"https:\/\/labourdenne.fr\/index.php\/atelier-couture\/","title":{"rendered":"Couture"},"content":{"rendered":"\n<div class=\"wp-block-columns is-layout-flex wp-container-core-columns-is-layout-9d6595d7 wp-block-columns-is-layout-flex\">\n<div class=\"wp-block-column is-layout-flow wp-block-column-is-layout-flow\" style=\"flex-basis:100%\">\n<p><strong>Tous les jeudis de 14:00 \u00e0 17:00<\/strong>\u00a0nous partageons un agr\u00e9able moment. Nous \u00e9changeons nos connaissances et notre savoir faire dans le domaine de la couture, du patchwork, du tricot \u2026<\/p>\n\n\n\n<p>Si cela vous tente, venez nous rejoindre \u00e0 <strong>la Mairie de Buzy<\/strong>. Pour cela il vous faudra simplement vous acquitter de l&rsquo;adh\u00e9sion \u00e0 l&rsquo;association La Bourdenne.<\/p>\n\n\n\n<p><strong>Josette&nbsp;<\/strong>est l&rsquo;animatrice de cet atelier, pour la&nbsp;contacter vous pouvez utiliser le formulaire suivant:<\/p>\n\n\n<div data-test='contact-form'\n\t\t\tid='contact-form-11'\n\t\t\tclass='jetpack-contact-form-container '\n\t\t\tdata-wp-interactive='jetpack\/form' data-wp-context='{\"formId\":\"11\",\"formHash\":\"4e5a79aaf00704b8df61e074ec8aef8f367703f4\",\"showErrors\":false,\"errors\":[],\"fields\":[],\"isMultiStep\":false,\"useAjax\":true,\"submissionData\":null,\"formattedSubmissionData\":[],\"submissionSuccess\":false,\"submissionError\":null,\"elementId\":\"jp-form-4e5a79aaf00704b8df61e074ec8aef8f367703f4\",\"isSingleInputForm\":false,\"isForcedHorizontal\":false}'\n\t\t\tdata-wp-watch--scroll-to-wrapper=\"callbacks.scrollToWrapper\"\n\t\t>\n<div class=\"contact-form-submission contact-form-ajax-submission\" data-wp-bind--aria-hidden=\"state.isSuccessMessageAriaHidden\" data-wp-class--submission-success=\"context.submissionSuccess\" id=\"contact-form-success-4e5a79aaf00704b8df61e074ec8aef8f367703f4\" tabindex=\"-1\" aria-labelledby=\"contact-form-success-header-4e5a79aaf00704b8df61e074ec8aef8f367703f4\"><p class=\"go-back-message\"><a class=\"link\" role=\"button\" tabindex=\"0\" data-wp-on--click=\"actions.goBack\" href=\"\/index.php\/wp-json\/wp\/v2\/pages\/11\">\u2190 Retour<\/a><\/p><h4 data-wp-bind--aria-hidden=\"state.isSuccessMessageAriaHidden\" id=\"contact-form-success-header-4e5a79aaf00704b8df61e074ec8aef8f367703f4\">Merci pour votre r\u00e9ponse. \u2728<\/h4>\n\n<template data-wp-each--submission=\"context.formattedSubmissionData\">\n\t\t\t\t\t<div class=\"jetpack_forms_contact-form-success-summary\">\n\t\t\t\t\t\t<div class=\"field-name-wrapper\">\n\t\t\t\t\t\t\t<div class=\"field-type-icon\" data-wp-watch=\"callbacks.watchFieldTypeIcon\"><\/div>\n\t\t\t\t\t\t\t<div class=\"field-name\" data-wp-text=\"context.submission.label\" data-wp-bind--hidden=\"!context.submission.label\"><\/div>\n\t\t\t\t\t\t<\/div>\n\t\t\t\t\t\t<div class=\"field-value\" data-wp-text=\"context.submission.value\" data-wp-bind--hidden=\"!context.submission.showPlainValue\"><\/div>\n\t\t\t\t\t\t<a class=\"field-url\" data-wp-bind--href=\"context.submission.url\" data-wp-text=\"context.submission.value\" data-wp-bind--hidden=\"!context.submission.url\" target=\"_blank\" rel=\"noopener noreferrer\"><\/a>\n\t\t\t\t\t\t<div class=\"field-rating\" data-wp-bind--hidden=\"!context.submission.rating\" data-wp-watch=\"callbacks.watchRatingIcons\"><\/div>\n\t\t\t\t\t\t<div class=\"field-images\" data-wp-bind--hidden=\"!context.submission.images\">\n\t\t\t\t\t\t\t<template data-wp-each--image=\"context.submission.images\">\n\t\t\t\t\t\t\t\t<div class=\"field-image-option\" data-wp-class--is-empty=\"!context.image.src\">\n\t\t\t\t\t\t\t\t\t<figure class=\"field-image-option__image\" data-wp-class--is-empty=\"!context.image.src\">\n\t\t\t\t\t\t\t\t\t\t<img data-wp-bind--src=\"context.image.src\" data-wp-bind--hidden=\"!context.image.src\" \/>\n\t\t\t\t\t\t\t\t\t\t<img decoding=\"async\" src=\"data:image\/gif;base64,R0lGODlhAQABAAD\/ACwAAAAAAQABAAACADs=\" data-wp-bind--hidden=\"context.image.src\" \/>\n\t\t\t\t\t\t\t\t\t<\/figure>\n\t\t\t\t\t\t\t\t\t<div class=\"field-image-option__label-wrapper\">\n\t\t\t\t\t\t\t\t\t\t<span class=\"field-image-option__label-code\" data-wp-text=\"context.image.letterCode\"><\/span>\n\t\t\t\t\t\t\t\t\t\t<span class=\"field-image-option__label\" data-wp-text=\"context.image.label\" data-wp-bind--hidden=\"!context.image.label\"><\/span>\n\t\t\t\t\t\t\t\t\t<\/div>\n\t\t\t\t\t\t\t\t<\/div>\n\t\t\t\t\t\t\t<\/template>\n\t\t\t\t\t\t<\/div>\n\t\t\t\t\t\t<div class=\"field-files\" data-wp-bind--hidden=\"!context.submission.files\">\n\t\t\t\t\t\t\t<template data-wp-each--file=\"context.submission.files\">\n\t\t\t\t\t\t\t\t<div class=\"field-file\">\n\t\t\t\t\t\t\t\t\t<div class=\"field-file__thumbnail\" data-wp-style--background-image=\"context.file.previewUrl\" data-wp-style--mask-image=\"context.file.iconUrl\" data-wp-bind--hidden=\"!context.file.hasPreview\"><\/div>\n\t\t\t\t\t\t\t\t\t<svg class=\"field-file__icon\" data-wp-bind--hidden=\"context.file.hasPreview\" width=\"20\" height=\"20\" viewBox=\"0 0 24 24\" fill=\"none\" xmlns=\"http:\/\/www.w3.org\/2000\/svg\" aria-hidden=\"true\">\n\t\t\t\t\t\t\t\t\t\t<path d=\"M14 2H6C4.9 2 4 2.9 4 4V20C4 21.1 4.89 22 5.99 22H18C19.1 22 20 21.1 20 20V8L14 2ZM18 20H6V4H13V9H18V20Z\" fill=\"currentColor\"\/>\n\t\t\t\t\t\t\t\t\t<\/svg>\n\t\t\t\t\t\t\t\t\t<span class=\"field-file__name\" data-wp-text=\"context.file.name\"><\/span>\n\t\t\t\t\t\t\t\t\t<span class=\"field-file__size\" data-wp-text=\"context.file.size\"><\/span>\n\t\t\t\t\t\t\t\t<\/div>\n\t\t\t\t\t\t\t<\/template>\n\t\t\t\t\t\t<\/div>\n\t\t\t\t\t<\/div>\n\t\t\t\t<\/template><\/div><form action='https:\/\/labourdenne.fr\/index.php\/atelier-couture\/'\n\t\t\t\tid='jp-form-4e5a79aaf00704b8df61e074ec8aef8f367703f4'\n\t\t\t\tmethod='post'\n\t\t\t\tclass='contact-form commentsblock jetpack-contact-form__form has-no-jetpack-form-layout' aria-label=\"Couture\"\n\t\t\t\tdata-wp-on--submit=\"actions.onFormSubmit\"\n\t\t\t\tdata-wp-on--reset=\"actions.onFormReset\"\n\t\t\t\tdata-wp-class--submission-success=\"context.submissionSuccess\"\n\t\t\t\tdata-wp-class--is-first-step=\"state.isFirstStep\"\n\t\t\t\tdata-wp-class--is-last-step=\"state.isLastStep\"\n\t\t\t\tdata-wp-class--is-ajax-form=\"context.useAjax\"\n\t\t\t\tnovalidate >\n<input type='hidden' name='jetpack_contact_form_jwt' value='eyJ0eXAiOiJKV1QiLCJhbGciOiJIUzI1NiJ9.eyJlbmNyeXB0ZWRfYXR0cmlidXRlcyI6IkNlSFFZWUFYekoyTmNham1XMnFCb1RFN1pkNS9qMlY2NnplTW1NT1VaQWVTdVBOYkJDbXRUeGZGTlRFWk93alpJSHVMRWo3K0drcGhTTFc4SHhJVWRJRzV3RlFmMC9IQ1c5RFozNzRwYzdOcEttNU52RkhlaW04blpTQk9yR25kZDJrSGllM1UvVnBQd2QvUThnVGZJZk1leUV1Q1RkMDZKT2k3Um14NkhOdURVbHJWTS9MdDkzanNmRHJFNkRlbmF5ajJZL3ZxemJYMzhON0pab0trZkZhYUpHQTh2cmRNNkpTTW1JaTBvbVVXa2c0ZGxSc3RtTS9Ua0FZVWhPVldMUEdMNEZyaUFpbEt0aWNNNUoxd1FGWE02enJ3RFFaRzJpbHY4OGpJamNoK3AwNE1FNHpXQ0VNTGU2eDBlSjlIbWNjQWliTHQxdmkzb1UvcGNyTDNLWlJ1aktocDhjekVzMnl2bGY2QlU5UmRBTDlBZXBRaUFucmJXWDV5bFpBNENhM1V2N3FTWEVnOWpZYW9QLzBXSXlRTUxJaGlhMEJPUXBVUEptUStFVkVVb2tvTVZleUZOQnJna2pHSnBGNFdObDB1RlJPTVdJNE1VajM4YVJWczBqakFodzRNTHpRckZJVGdmL05ja284aHpOczlPSko2M0EzaFNMbkF2aTlTY2tETTdIdkx1cnUxYzNUWW1ocGhBU0lZVjlOMG9xTmxwTDVZKzkrUDVibkpKcGtLL2FJQVNzd2poU1NPWnpnY1FFZFd3eVh4SXVoZloyS0JWNjJEeG1wcGlMVDBaSnpzVWVLVU9JcmRYb1RKamMrQWN6UFFCTEVPSlZ1N3RvUmh5REVWcG03UFZCMW52SDNmS3pFUHg4aTYwWCs3SjdNcUU1eFlOUU1OOE5MNEFuWTV2RFpmQTJZbi9GbWdraXNaanZkVm53T3VDdlY3Y3dTNXhmZy9oSW5CbHdZWjBlVW12ZE5JUjhqOTlJaktobW5HY3Q0WU9kUEsvMGJWdHRaN21RZUI5VjZQczFRVlhGMUJabFNXWk8vV2pUU3FKa1Y1ejQ3N2ZsWmdoS2xLSGR0SG83L21PT1R5QVIvcDJzUXNYaW1XeGhUaDdRUE44dU5PaTUrZ0NkaFNkS1kvQmFET3R6cVNYV3h3UC9pT1F4WFRqalpKb3pTSW45cVA1NFlScGZlc0FNRmE4RDBNRisxcm5Jcy9Ja3RGU3g3Qmt4VGZhSENDenFkMmRuWW8iLCJjb250ZW50IjoiW2NvbnRhY3QtZmllbGQgbGFiZWw9XCJOb20gUHJcdTAwZTlub21cIiB0eXBlPVwibmFtZVwiIHJlcXVpcmVkPVwiMVwiXVtjb250YWN0LWZpZWxkIGxhYmVsPVwiQ291cnJpZWxcIiB0eXBlPVwiZW1haWxcIiByZXF1aXJlZD1cIjFcIl1bY29udGFjdC1maWVsZCBsYWJlbD1cIlF1ZXN0aW9uIC8gQ29tbWVudGFpcmVcIiB0eXBlPVwidGV4dGFyZWFcIiByZXF1aXJlZD1cIjFcIl0iLCJoYXNoIjoiNGU1YTc5YWFmMDA3MDRiOGRmNjFlMDc0ZWM4YWVmOGYzNjc3MDNmNCIsInNvdXJjZSI6eyJlbnRyeV90aXRsZSI6IkNvdXR1cmUiLCJlbnRyeV9wYWdlIjoxLCJzb3VyY2VfaWQiOjExLCJzb3VyY2VfdHlwZSI6InNpbmdsZSIsInJlcXVlc3RfdXJsIjoiaHR0cHM6Ly9sYWJvdXJkZW5uZS5mci93cC1qc29uL3dwL3YyL3BhZ2VzLzExIn0sInZlcnNpb24iOjIsImNpcGhlciI6ImFlcy0yNTYtZ2NtIn0.VMwQ7V4n8YewTBqw8f1ZMOQ9Ecwzl1_1Iuuqg4kydhM' \/>\n\n<div style=\"\"  data-wp-interactive=\"jetpack\/form\" data-wp-context='{\"fieldId\":\"g11-nomprnom\",\"fieldType\":\"name\",\"fieldLabel\":\"Nom Pr\\u00e9nom\",\"fieldValue\":\"\",\"fieldPlaceholder\":\"\",\"fieldIsRequired\":\"1\",\"fieldErrorMessage\":\"\",\"fieldExtra\":[],\"formHash\":\"4e5a79aaf00704b8df61e074ec8aef8f367703f4\"}'  class='grunion-field-name-wrap grunion-field-wrap'  data-wp-init='callbacks.initializeField' data-wp-on--jetpack-form-reset='callbacks.initializeField' >\n<label\n\t\t\t\tfor='g11-nomprnom' class=\"grunion-field-label name\" >Nom Pr\u00e9nom<span class=\"grunion-label-required\" aria-hidden=\"true\">(obligatoire)<\/span><\/label>\n<input\n\t\t\t\t\ttype='text'\n\t\t\t\t\tname='g11-nomprnom'\n\t\t\t\t\tid='g11-nomprnom'\n\t\t\t\t\tvalue=''\n\n\t\t\t\t\tdata-wp-bind--aria-invalid='state.fieldAriaInvalid'\n\t\t\t\t\tdata-wp-bind--value='state.getFieldValue'\n\t\t\t\t\taria-describedby='g11-nomprnom-text-error-message'\n\t\t\t\t\tdata-wp-on--input='actions.onFieldChange'\n\t\t\t\t\tdata-wp-on--blur='actions.onFieldBlur'\n\t\t\t\t\tdata-wp-class--has-value='state.hasFieldValue'\n\n\t\t\t\t\tclass='name  grunion-field' \n\t\t\t\t\trequired='true' aria-required='true'  \/>\n \n\t\t\t<div id=\"g11-nomprnom-text-error\" class=\"contact-form__input-error\" data-wp-class--has-errors=\"state.fieldHasErrors\">\n\t\t\t\t<span class=\"contact-form__warning-icon\" aria-hidden=\"true\">\n\t\t\t\t\t<svg width=\"16\" height=\"16\" viewBox=\"0 0 16 16\" fill=\"none\" xmlns=\"http:\/\/www.w3.org\/2000\/svg\">\n\t\t\t\t\t\t<path d=\"M8.50015 11.6402H7.50015V10.6402H8.50015V11.6402Z\" \/>\n\t\t\t\t\t\t<path d=\"M7.50015 9.64018H8.50015V6.30684H7.50015V9.64018Z\" \/>\n\t\t\t\t\t\t<path fill-rule=\"evenodd\" clip-rule=\"evenodd\" d=\"M6.98331 3.0947C7.42933 2.30177 8.57096 2.30177 9.01698 3.09469L13.8771 11.7349C14.3145 12.5126 13.7525 13.4735 12.8602 13.4735H3.14004C2.24774 13.4735 1.68575 12.5126 2.12321 11.7349L6.98331 3.0947ZM8.14541 3.58496C8.08169 3.47168 7.9186 3.47168 7.85488 3.58496L2.99478 12.2251C2.93229 12.3362 3.01257 12.4735 3.14004 12.4735H12.8602C12.9877 12.4735 13.068 12.3362 13.0055 12.2251L8.14541 3.58496Z\" \/>\n\t\t\t\t\t<\/svg>\n\t\t\t\t<\/span>\n\t\t\t\t<span data-wp-text=\"state.errorMessage\" id=\"g11-nomprnom-text-error-message\"><\/span>\n\t\t\t<\/div> \n\t<\/div>\n\n<div style=\"\"  data-wp-interactive=\"jetpack\/form\" data-wp-context='{\"fieldId\":\"g11-courriel\",\"fieldType\":\"email\",\"fieldLabel\":\"Courriel\",\"fieldValue\":\"\",\"fieldPlaceholder\":\"\",\"fieldIsRequired\":\"1\",\"fieldErrorMessage\":\"\",\"fieldExtra\":[],\"formHash\":\"4e5a79aaf00704b8df61e074ec8aef8f367703f4\"}'  class='grunion-field-email-wrap grunion-field-wrap'  data-wp-init='callbacks.initializeField' data-wp-on--jetpack-form-reset='callbacks.initializeField' >\n<label\n\t\t\t\tfor='g11-courriel' class=\"grunion-field-label email\" >Courriel<span class=\"grunion-label-required\" aria-hidden=\"true\">(obligatoire)<\/span><\/label>\n<input\n\t\t\t\t\ttype='email'\n\t\t\t\t\tname='g11-courriel'\n\t\t\t\t\tid='g11-courriel'\n\t\t\t\t\tvalue=''\n\n\t\t\t\t\tdata-wp-bind--aria-invalid='state.fieldAriaInvalid'\n\t\t\t\t\tdata-wp-bind--value='state.getFieldValue'\n\t\t\t\t\taria-describedby='g11-courriel-email-error-message'\n\t\t\t\t\tdata-wp-on--input='actions.onFieldChange'\n\t\t\t\t\tdata-wp-on--blur='actions.onFieldBlur'\n\t\t\t\t\tdata-wp-class--has-value='state.hasFieldValue'\n\n\t\t\t\t\tclass='email  grunion-field' \n\t\t\t\t\trequired='true' aria-required='true'  \/>\n \n\t\t\t<div id=\"g11-courriel-email-error\" class=\"contact-form__input-error\" data-wp-class--has-errors=\"state.fieldHasErrors\">\n\t\t\t\t<span class=\"contact-form__warning-icon\" aria-hidden=\"true\">\n\t\t\t\t\t<svg width=\"16\" height=\"16\" viewBox=\"0 0 16 16\" fill=\"none\" xmlns=\"http:\/\/www.w3.org\/2000\/svg\">\n\t\t\t\t\t\t<path d=\"M8.50015 11.6402H7.50015V10.6402H8.50015V11.6402Z\" \/>\n\t\t\t\t\t\t<path d=\"M7.50015 9.64018H8.50015V6.30684H7.50015V9.64018Z\" \/>\n\t\t\t\t\t\t<path fill-rule=\"evenodd\" clip-rule=\"evenodd\" d=\"M6.98331 3.0947C7.42933 2.30177 8.57096 2.30177 9.01698 3.09469L13.8771 11.7349C14.3145 12.5126 13.7525 13.4735 12.8602 13.4735H3.14004C2.24774 13.4735 1.68575 12.5126 2.12321 11.7349L6.98331 3.0947ZM8.14541 3.58496C8.08169 3.47168 7.9186 3.47168 7.85488 3.58496L2.99478 12.2251C2.93229 12.3362 3.01257 12.4735 3.14004 12.4735H12.8602C12.9877 12.4735 13.068 12.3362 13.0055 12.2251L8.14541 3.58496Z\" \/>\n\t\t\t\t\t<\/svg>\n\t\t\t\t<\/span>\n\t\t\t\t<span data-wp-text=\"state.errorMessage\" id=\"g11-courriel-email-error-message\"><\/span>\n\t\t\t<\/div> \n\t<\/div>\n\n<div style=\"\"  data-wp-interactive=\"jetpack\/form\" data-wp-context='{\"fieldId\":\"g11-questioncommentaire\",\"fieldType\":\"textarea\",\"fieldLabel\":\"Question \\\/ Commentaire\",\"fieldValue\":\"\",\"fieldPlaceholder\":\"\",\"fieldIsRequired\":\"1\",\"fieldErrorMessage\":\"\",\"fieldExtra\":[],\"formHash\":\"4e5a79aaf00704b8df61e074ec8aef8f367703f4\"}'  class='grunion-field-textarea-wrap grunion-field-wrap'  data-wp-init='callbacks.initializeField' data-wp-on--jetpack-form-reset='callbacks.initializeField' >\n<label\n\t\t\t\tfor='contact-form-comment-g11-questioncommentaire' class=\"grunion-field-label textarea\" >Question \/ Commentaire<span class=\"grunion-label-required\" aria-hidden=\"true\">(obligatoire)<\/span><\/label>\n<textarea\n\t\t                style=''\n\t\t                name='g11-questioncommentaire'\n\t\t                id='contact-form-comment-g11-questioncommentaire'\n\t\t                rows='20'\n\t\t\t\t\t\tdata-wp-text='state.getFieldValue'\n\t\t\t\t\t\tdata-wp-on--input='actions.onFieldChange'\n\t\t\t\t\t\tdata-wp-on--blur='actions.onFieldBlur'\n\t\t\t\t\t\tdata-wp-class--has-value='state.hasFieldValue'\n\t\t\t\t\t\taria-describedby='g11-questioncommentaire-textarea-error-message'\n\t\t\t\t\t\tdata-wp-bind--aria-invalid='state.fieldAriaInvalid'\n\t\t\t\t\t\tclass='textarea  grunion-field'  required aria-required='true'><\/textarea>\n \n\t\t\t<div id=\"g11-questioncommentaire-textarea-error\" class=\"contact-form__input-error\" data-wp-class--has-errors=\"state.fieldHasErrors\">\n\t\t\t\t<span class=\"contact-form__warning-icon\" aria-hidden=\"true\">\n\t\t\t\t\t<svg width=\"16\" height=\"16\" viewBox=\"0 0 16 16\" fill=\"none\" xmlns=\"http:\/\/www.w3.org\/2000\/svg\">\n\t\t\t\t\t\t<path d=\"M8.50015 11.6402H7.50015V10.6402H8.50015V11.6402Z\" \/>\n\t\t\t\t\t\t<path d=\"M7.50015 9.64018H8.50015V6.30684H7.50015V9.64018Z\" \/>\n\t\t\t\t\t\t<path fill-rule=\"evenodd\" clip-rule=\"evenodd\" d=\"M6.98331 3.0947C7.42933 2.30177 8.57096 2.30177 9.01698 3.09469L13.8771 11.7349C14.3145 12.5126 13.7525 13.4735 12.8602 13.4735H3.14004C2.24774 13.4735 1.68575 12.5126 2.12321 11.7349L6.98331 3.0947ZM8.14541 3.58496C8.08169 3.47168 7.9186 3.47168 7.85488 3.58496L2.99478 12.2251C2.93229 12.3362 3.01257 12.4735 3.14004 12.4735H12.8602C12.9877 12.4735 13.068 12.3362 13.0055 12.2251L8.14541 3.58496Z\" \/>\n\t\t\t\t\t<\/svg>\n\t\t\t\t<\/span>\n\t\t\t\t<span data-wp-text=\"state.errorMessage\" id=\"g11-questioncommentaire-textarea-error-message\"><\/span>\n\t\t\t<\/div>\n\t<\/div>\n\t<p class='contact-submit'>\n<div class=\"contact-form__error\" data-wp-class--show-errors=\"state.showFormErrors\"><span class=\"contact-form__warning-icon\" aria-hidden=\"true\"><i><\/i><\/span><span class=\"contact-form__error-message\" tabindex=\"-1\" data-wp-watch=\"callbacks.focusOnValidationError\" data-wp-text=\"state.getFormErrorMessage\"><\/span><ul aria-label=\"Erreurs de formulaire\">\n\t\t\t\t<template data-wp-each=\"state.getErrorList\" data-wp-key=\"context.item.id\">\n\t\t\t\t\t<li><a data-wp-bind--href=\"context.item.anchor\" data-wp-on--click=\"actions.scrollIntoView\" data-wp-text=\"context.item.label\"><\/a><\/li>\n\t\t\t\t<\/template>\n\t\t\t\t<\/ul><\/div><div class=\"contact-form__error\" data-wp-class--show-errors=\"state.showSubmissionError\" data-wp-text=\"context.submissionError\" tabindex=\"-1\" data-wp-watch=\"callbacks.focusOnSubmissionError\"><\/div>\t\t<button type='submit' class='pushbutton-wide'>Envoyer<\/button>\t\t<input type='hidden' name='contact-form-id' value='11' \/>\n\t\t<input type='hidden' name='action' value='grunion-contact-form' \/>\n\t\t<input type='hidden' name='contact-form-hash' value='4e5a79aaf00704b8df61e074ec8aef8f367703f4' \/>\n\t<\/p>\n<p style=\"display: none !important;\" class=\"akismet-fields-container\" data-prefix=\"ak_\"><label>&#916;<textarea name=\"ak_hp_textarea\" cols=\"45\" rows=\"8\" maxlength=\"100\"><\/textarea><\/label><input type=\"hidden\" id=\"ak_js_1\" name=\"ak_js\" value=\"237\"\/><script type=\"text\/javascript\">\n\/* <![CDATA[ *\/\ndocument.getElementById( \"ak_js_1\" ).setAttribute( \"value\", ( new Date() ).getTime() );\n\/* ]]> *\/\n<\/script>\n<\/p><\/form>\n<\/div>\n<\/div>\n<\/div>\n","protected":false},"excerpt":{"rendered":"<p>Tous les jeudis de 14:00 \u00e0 17:00\u00a0nous partageons un agr\u00e9able moment. Nous \u00e9changeons nos connaissances et notre savoir faire dans le domaine de la couture, du patchwork, du tricot \u2026 Si cela vous tente, venez nous rejoindre \u00e0 la Mairie de Buzy. Pour cela il vous faudra simplement vous acquitter de l&rsquo;adh\u00e9sion \u00e0 l&rsquo;association La [&hellip;]<\/p>\n","protected":false},"author":1,"featured_media":0,"parent":0,"menu_order":0,"comment_status":"closed","ping_status":"closed","template":"","meta":{"footnotes":""},"class_list":["post-11","page","type-page","status-publish","hentry"],"jetpack_sharing_enabled":true,"jetpack_shortlink":"https:\/\/wp.me\/P6WNWb-b","jetpack-related-posts":[{"id":34,"url":"https:\/\/labourdenne.fr\/index.php\/atelier-cuisine\/","url_meta":{"origin":11,"position":0},"title":"Cuisine","author":"Vincent","date":"25 ao\u00fbt 2022","format":false,"excerpt":"Les ateliers cuisine du monde ont repris en cette rentr\u00e9e 2025, dans le plaisir si simple de partager un bon moment autour d'un bon plat. Un samedi par mois \u00e0 partir de 17:00 \u00e0 Buzy\u00a0les marmitons se r\u00e9unissent pour partager et apprendre des recettes du monde entier. En fonction des\u2026","rel":"","context":"Article similaire","block_context":{"text":"Article similaire","link":""},"img":{"alt_text":"","src":"https:\/\/i0.wp.com\/labourdenne.fr\/wp-content\/uploads\/2023\/11\/IMG_7483-Grande.jpeg?resize=350%2C200&ssl=1","width":350,"height":200,"srcset":"https:\/\/i0.wp.com\/labourdenne.fr\/wp-content\/uploads\/2023\/11\/IMG_7483-Grande.jpeg?resize=350%2C200&ssl=1 1x, https:\/\/i0.wp.com\/labourdenne.fr\/wp-content\/uploads\/2023\/11\/IMG_7483-Grande.jpeg?resize=525%2C300&ssl=1 1.5x, https:\/\/i0.wp.com\/labourdenne.fr\/wp-content\/uploads\/2023\/11\/IMG_7483-Grande.jpeg?resize=700%2C400&ssl=1 2x, https:\/\/i0.wp.com\/labourdenne.fr\/wp-content\/uploads\/2023\/11\/IMG_7483-Grande.jpeg?resize=1050%2C600&ssl=1 3x"},"classes":[]},{"id":3021,"url":"https:\/\/labourdenne.fr\/index.php\/qui-sommes-nous\/mentions-legales\/","url_meta":{"origin":11,"position":1},"title":"Mentions l\u00e9gales","author":"Vincent","date":"1 juin 2020","format":false,"excerpt":"En vigueur au 01\/06\/2020 Conform\u00e9ment aux dispositions des Articles 6-III et 19 de la Loi n\u00b02004-575 du 21 juin 2004 pour la Confiance dans l\u2019\u00e9conomie num\u00e9rique, dite L.C.E.N., il est port\u00e9 \u00e0 la connaissance des Utilisateurs du site labourdenne.fr\u00a0les pr\u00e9sentes mentions l\u00e9gales. La connexion et la navigation sur le site\u2026","rel":"","context":"Article similaire","block_context":{"text":"Article similaire","link":""},"img":{"alt_text":"","src":"","width":0,"height":0},"classes":[]},{"id":25,"url":"https:\/\/labourdenne.fr\/index.php\/atelier-gym\/","url_meta":{"origin":11,"position":2},"title":"Gym","author":"Vincent","date":"14 novembre 2015","format":false,"excerpt":"L'activit\u00e9 gymnastique se d\u00e9roule \ud83d\udcc6 Tous les mardis de 16:30 \u00e0 17:30 \ud83d\udccdA l'espace Sagette (place du Prat, Buzy) \ud83e\ude99 40 \u20ac par trimestre + adh\u00e9sion \u00e0 l'asso L'adh\u00e9sion \u00e0 l'association est obligatoire (10 \u20ac par an et par personne) Venez nous rendre visite et \u00e9ventuellement faire un essai. L'ambiance\u2026","rel":"","context":"Article similaire","block_context":{"text":"Article similaire","link":""},"img":{"alt_text":"","src":"","width":0,"height":0},"classes":[]},{"id":2042,"url":"https:\/\/labourdenne.fr\/index.php\/atelier-loisirs-creatifs\/","url_meta":{"origin":11,"position":3},"title":"Loisirs Cr\u00e9atifs","author":"Vincent","date":"10 janvier 2019","format":false,"excerpt":"Venez d\u00e9couvrir diff\u00e9rentes activit\u00e9s cr\u00e9atives, acqu\u00e9rir des techniques, partager vos comp\u00e9tences et d\u00e9velopper votre esprit cr\u00e9atif dans une ambiance conviviale! Le programme s'\u00e9laborera au fur et \u00e0 mesure des s\u00e9ances entre les membres de la section pr\u00e9sents. Quand ? Le lundi \u00e0 18h pour les ados et \u00e0 19h30 pour\u2026","rel":"","context":"Article similaire","block_context":{"text":"Article similaire","link":""},"img":{"alt_text":"","src":"","width":0,"height":0},"classes":[]},{"id":3750,"url":"https:\/\/labourdenne.fr\/index.php\/communs\/","url_meta":{"origin":11,"position":4},"title":"Partage des communs (plancha, friteuse, percolateur)","author":"Vincent","date":"23 novembre 2023","format":false,"excerpt":"Toutes les associations de Buzy b\u00e9n\u00e9ficient de la possibilit\u00e9 d'emprunter du mat\u00e9riel pour l'organisation de leurs manifestations, f\u00eates et \u00e9v\u00e8nements dans le village. Dans une action de mutualisation des achats, les associations de Buzy, gr\u00e2ce au solde de la tr\u00e9sorerie de l'association BSL (r\u00e9cup\u00e9r\u00e9e \u00e0 sa dissolution) ont acquis :\u2026","rel":"","context":"Article similaire","block_context":{"text":"Article similaire","link":""},"img":{"alt_text":"","src":"","width":0,"height":0},"classes":[]},{"id":4,"url":"https:\/\/labourdenne.fr\/index.php\/qui-sommes-nous\/","url_meta":{"origin":11,"position":5},"title":"Qui sommes nous ?","author":"Vincent","date":"13 novembre 2015","format":false,"excerpt":"L'association en quelques mots L'association La Bourdenne a \u00e9t\u00e9 fond\u00e9e en novembre 1997. Elle se situe \u00e0\u00a0Buzy, petite commune des Pyr\u00e9n\u00e9es Atlantiques\u00a0aux portes de la\u00a0vall\u00e9e d'Ossau. Elle a pour but de promouvoir la vie culturelle et sportive de la commune. Elle r\u00e9unit\u00a0plusieurs sections qui sont g\u00e9r\u00e9es\u00a0de mani\u00e8re plus ou moins\u2026","rel":"","context":"Article similaire","block_context":{"text":"Article similaire","link":""},"img":{"alt_text":"","src":"","width":0,"height":0},"classes":[]}],"_links":{"self":[{"href":"https:\/\/labourdenne.fr\/index.php\/wp-json\/wp\/v2\/pages\/11","targetHints":{"allow":["GET"]}}],"collection":[{"href":"https:\/\/labourdenne.fr\/index.php\/wp-json\/wp\/v2\/pages"}],"about":[{"href":"https:\/\/labourdenne.fr\/index.php\/wp-json\/wp\/v2\/types\/page"}],"author":[{"embeddable":true,"href":"https:\/\/labourdenne.fr\/index.php\/wp-json\/wp\/v2\/users\/1"}],"replies":[{"embeddable":true,"href":"https:\/\/labourdenne.fr\/index.php\/wp-json\/wp\/v2\/comments?post=11"}],"version-history":[{"count":12,"href":"https:\/\/labourdenne.fr\/index.php\/wp-json\/wp\/v2\/pages\/11\/revisions"}],"predecessor-version":[{"id":3972,"href":"https:\/\/labourdenne.fr\/index.php\/wp-json\/wp\/v2\/pages\/11\/revisions\/3972"}],"wp:attachment":[{"href":"https:\/\/labourdenne.fr\/index.php\/wp-json\/wp\/v2\/media?parent=11"}],"curies":[{"name":"wp","href":"https:\/\/api.w.org\/{rel}","templated":true}]}}