{"id":3021,"date":"2020-06-01T22:20:26","date_gmt":"2020-06-01T21:20:26","guid":{"rendered":"https:\/\/labourdenne.fr\/?page_id=3021"},"modified":"2020-06-01T22:20:26","modified_gmt":"2020-06-01T21:20:26","slug":"mentions-legales","status":"publish","type":"page","link":"https:\/\/labourdenne.fr\/index.php\/qui-sommes-nous\/mentions-legales\/","title":{"rendered":"Mentions l\u00e9gales"},"content":{"rendered":"\n<p><em>En vigueur au 01\/06\/2020<\/em><\/p>\n\n\n\n<p>Conform\u00e9ment aux dispositions des Articles 6-III et 19 de la Loi n\u00b02004-575 du 21 juin 2004 pour la Confiance dans l\u2019\u00e9conomie num\u00e9rique, dite L.C.E.N., il est port\u00e9 \u00e0 la connaissance des Utilisateurs du site <em>labourdenne.fr&nbsp;<\/em>les pr\u00e9sentes mentions l\u00e9gales.<\/p>\n\n\n\n<p>La connexion et la navigation sur le site (indiquer le nom du site) par l\u2019Utilisateur implique acceptation int\u00e9grale et sans r\u00e9serve des pr\u00e9sentes mentions l\u00e9gales.<\/p>\n\n\n\n<p>Ces derni\u00e8res sont accessibles sur le site \u00e0 la rubrique \u00ab Mentions l\u00e9gales \u00bb.<\/p>\n\n\n\n<h3 class=\"wp-block-heading\">ARTICLE 1 : L\u2019\u00e9diteur<\/h3>\n\n\n\n<p>L\u2019\u00e9dition et la direction de la publication du site labourdenne.fr est assur\u00e9e par le ou la Pr\u00e9sident\u2022e de l&rsquo;association, domicili\u00e9e 1 place de la mairie 64260 Buzy, dont l&rsquo;adresse e-mail est <a href=\"mailto:contact@labourdenne.fr\">contact@labourdenne.fr<\/a>.<\/p>\n\n\n\n<h3 class=\"wp-block-heading\">ARTICLE 2 : L\u2019h\u00e9bergeur<\/h3>\n\n\n\n<p>L&rsquo;h\u00e9bergeur du site labourdenne.fr est la Soci\u00e9t\u00e9 OVH, dont le si\u00e8ge social est situ\u00e9 au 2 rue Kellermann &#8211; 59100 Roubaix &#8211; France.<\/p>\n\n\n\n<h3 class=\"wp-block-heading\">ARTICLE 3 : Acc\u00e8s au site<\/h3>\n\n\n\n<p>Le site est accessible par tout endroit, 7j\/7, 24h\/24 sauf cas de force majeure, interruption programm\u00e9e ou non et pouvant d\u00e9couler d\u2019une n\u00e9cessit\u00e9 de maintenance. En cas de modification, interruption ou suspension des services le site <em>labourdenne.fr\u00a0<\/em>ne saurait \u00eatre tenu responsable.<\/p>\n\n\n\n<h3 class=\"wp-block-heading\">ARTICLE 4 : Collecte des donn\u00e9es<\/h3>\n\n\n\n<p>Le site assure \u00e0 l&rsquo;Utilisateur une collecte et un traitement d&rsquo;informations personnelles dans le respect de la vie priv\u00e9e conform\u00e9ment \u00e0 la loi n\u00b078-17 du 6 janvier 1978 relative \u00e0 l&rsquo;informatique, aux fichiers et aux libert\u00e9s. Depuis le 9 mai 2006, les associations ne sont plus tenues de faire une d\u00e9claration \u00e0 la CNIL (<a rel=\"noreferrer noopener\" href=\"https:\/\/www.cnil.fr\/fr\/la-cnil-dispense-de-declaration-les-fichiers-de-membres-et-donateurs-dassociations\" target=\"_blank\">lien<\/a> vers un article de la CNIL) ; n\u00e9anmoins en vertu de la loi Informatique et Libert\u00e9s, en date du 6 janvier 1978, l&rsquo;Utilisateur dispose d&rsquo;un droit d&rsquo;acc\u00e8s, de rectification, de suppression et d&rsquo;opposition de ses donn\u00e9es personnelles. L&rsquo;Utilisateur exerce ce droit par mail \u00e0 l&rsquo;adresse mail\u00a0<em><a href=\"mailto:contact@labourdenne.fr\">contact@labourdenne.fr<\/a><\/em><\/p>\n\n\n\n<h3 class=\"wp-block-heading\">ARTICLE 5 : Cookies<\/h3>\n\n\n\n<p>L\u2019Utilisateur est inform\u00e9 que lors de ses visites sur le site, un cookie peut s\u2019installer automatiquement sur son logiciel de navigation.<\/p>\n\n\n\n<p>En naviguant sur le site, il les accepte.<\/p>\n\n\n\n<p>Un cookie est un \u00e9l\u00e9ment qui ne permet pas d\u2019identifier l\u2019Utilisateur mais sert \u00e0 enregistrer des informations relatives \u00e0 la navigation de celui-ci sur le site Internet. L\u2019Utilisateur pourra d\u00e9sactiver ce cookie par l\u2019interm\u00e9diaire des param\u00e8tres figurant au sein de son logiciel de navigation.<\/p>\n\n\n\n<h3 class=\"wp-block-heading\">ARTICLE 6 : Propri\u00e9t\u00e9 intellectuelle<\/h3>\n\n\n\n<p>Toute utilisation, reproduction, diffusion, commercialisation, modification de toute ou partie du site <em>labourdenne.fr<\/em>, sans autorisation de l\u2019Editeur est prohib\u00e9e et pourra entra\u00eener des actions et poursuites judiciaires telles que notamment pr\u00e9vues par le Code de la propri\u00e9t\u00e9 intellectuelle et le Code civil.<\/p>\n","protected":false},"excerpt":{"rendered":"<p>En vigueur au 01\/06\/2020 Conform\u00e9ment aux dispositions des Articles 6-III et 19 de la Loi n\u00b02004-575 du 21 juin 2004 pour la Confiance dans l\u2019\u00e9conomie num\u00e9rique, dite L.C.E.N., il est port\u00e9 \u00e0 la connaissance des Utilisateurs du site labourdenne.fr&nbsp;les pr\u00e9sentes mentions l\u00e9gales. La connexion et la navigation sur le site (indiquer le nom du site) [&hellip;]<\/p>\n","protected":false},"author":1,"featured_media":0,"parent":4,"menu_order":0,"comment_status":"closed","ping_status":"closed","template":"nosidebar-page.php","meta":{"jetpack_post_was_ever_published":false,"footnotes":""},"class_list":["post-3021","page","type-page","status-publish","hentry"],"jetpack_sharing_enabled":true,"jetpack_shortlink":"https:\/\/wp.me\/P6WNWb-MJ","jetpack-related-posts":[{"id":25,"url":"https:\/\/labourdenne.fr\/index.php\/atelier-gym\/","url_meta":{"origin":3021,"position":0},"title":"Gym","author":"Vincent","date":"14 novembre 2015","format":false,"excerpt":"L'activit\u00e9 gymnastique se d\u00e9roule \ud83d\udcc6 Tous les mardis de 16:30 \u00e0 17:30 \ud83d\udccdA l'espace Sagette (place du Prat, Buzy) \ud83e\ude99 40 \u20ac par trimestre + adh\u00e9sion \u00e0 l'asso L'adh\u00e9sion \u00e0 l'association est obligatoire (10 \u20ac par an et par personne) Venez nous rendre visite et \u00e9ventuellement faire un essai. L'ambiance\u2026","rel":"","context":"Article similaire","block_context":{"text":"Article similaire","link":""},"img":{"alt_text":"","src":"","width":0,"height":0},"classes":[]},{"id":34,"url":"https:\/\/labourdenne.fr\/index.php\/atelier-cuisine\/","url_meta":{"origin":3021,"position":1},"title":"Cuisine","author":"Vincent","date":"25 ao\u00fbt 2022","format":false,"excerpt":"Les ateliers cuisine du monde ont repris en cette rentr\u00e9e 2025, dans le plaisir si simple de partager un bon moment autour d'un bon plat. Un samedi par mois \u00e0 partir de 17:00 \u00e0 Buzy\u00a0les marmitons se r\u00e9unissent pour partager et apprendre des recettes du monde entier. En fonction des\u2026","rel":"","context":"Article similaire","block_context":{"text":"Article similaire","link":""},"img":{"alt_text":"","src":"https:\/\/i0.wp.com\/labourdenne.fr\/wp-content\/uploads\/2023\/11\/IMG_7483-Grande.jpeg?resize=350%2C200&ssl=1","width":350,"height":200,"srcset":"https:\/\/i0.wp.com\/labourdenne.fr\/wp-content\/uploads\/2023\/11\/IMG_7483-Grande.jpeg?resize=350%2C200&ssl=1 1x, https:\/\/i0.wp.com\/labourdenne.fr\/wp-content\/uploads\/2023\/11\/IMG_7483-Grande.jpeg?resize=525%2C300&ssl=1 1.5x, https:\/\/i0.wp.com\/labourdenne.fr\/wp-content\/uploads\/2023\/11\/IMG_7483-Grande.jpeg?resize=700%2C400&ssl=1 2x, https:\/\/i0.wp.com\/labourdenne.fr\/wp-content\/uploads\/2023\/11\/IMG_7483-Grande.jpeg?resize=1050%2C600&ssl=1 3x"},"classes":[]},{"id":2042,"url":"https:\/\/labourdenne.fr\/index.php\/atelier-loisirs-creatifs\/","url_meta":{"origin":3021,"position":2},"title":"Loisirs Cr\u00e9atifs","author":"Vincent","date":"10 janvier 2019","format":false,"excerpt":"Venez d\u00e9couvrir diff\u00e9rentes activit\u00e9s cr\u00e9atives, acqu\u00e9rir des techniques, partager vos comp\u00e9tences et d\u00e9velopper votre esprit cr\u00e9atif dans une ambiance conviviale! Le programme s'\u00e9laborera au fur et \u00e0 mesure des s\u00e9ances entre les membres de la section pr\u00e9sents. Quand ? Le lundi \u00e0 18h30 pour les ados et \u00e0 19h30 pour\u2026","rel":"","context":"Article similaire","block_context":{"text":"Article similaire","link":""},"img":{"alt_text":"","src":"","width":0,"height":0},"classes":[]},{"id":4119,"url":"https:\/\/labourdenne.fr\/index.php\/inscription\/","url_meta":{"origin":3021,"position":3},"title":"Adh\u00e9sion \u00e0 l&rsquo;association","author":"Vincent","date":"26 mars 2025","format":false,"excerpt":"Pour participer aux activit\u00e9s d'une ou plusieurs sections de l'association, vous devez adh\u00e9rer \u00e0 l'association. S'inscrire Vous pouvez vous inscrire directement avec le formulaire en ligne. Pour des raisons de s\u00e9curit\u00e9, il n'est ouvert que du 1er septembre au 31 octobre, mais les inscriptions restent possible de septembre \u00e0 juin\u2026","rel":"","context":"Article similaire","block_context":{"text":"Article similaire","link":""},"img":{"alt_text":"","src":"","width":0,"height":0},"classes":[]},{"id":11,"url":"https:\/\/labourdenne.fr\/index.php\/atelier-couture\/","url_meta":{"origin":3021,"position":4},"title":"Couture","author":"Vincent","date":"14 novembre 2015","format":false,"excerpt":"Tous les jeudis de 14:00 \u00e0 17:00\u00a0nous partageons un agr\u00e9able moment. Nous \u00e9changeons nos connaissances et notre savoir faire dans le domaine de la couture, du patchwork, du tricot \u2026 Si cela vous tente, venez nous rejoindre \u00e0 la Mairie de Buzy. Pour cela il vous faudra simplement vous acquitter\u2026","rel":"","context":"Article similaire","block_context":{"text":"Article similaire","link":""},"img":{"alt_text":"","src":"","width":0,"height":0},"classes":[]},{"id":2104,"url":"https:\/\/labourdenne.fr\/index.php\/patrimoine\/","url_meta":{"origin":3021,"position":5},"title":"Patrimoine","author":"Vincent","date":"20 janvier 2019","format":false,"excerpt":"Cette section, n\u00e9e en janvier 2019 suite \u00e0 plusieurs initiatives civiques dans le cadre de l'association. Elle a pour but de r\u00e9unir des personnes d\u00e9sireuses de s'investir dans la restauration et le maintien du patrimoine de la commune. Le b\u00e2ti, les histoires de nos anciens, les paysages, les archives communales,\u2026","rel":"","context":"Article similaire","block_context":{"text":"Article similaire","link":""},"img":{"alt_text":"","src":"","width":0,"height":0},"classes":[]}],"_links":{"self":[{"href":"https:\/\/labourdenne.fr\/index.php\/wp-json\/wp\/v2\/pages\/3021","targetHints":{"allow":["GET"]}}],"collection":[{"href":"https:\/\/labourdenne.fr\/index.php\/wp-json\/wp\/v2\/pages"}],"about":[{"href":"https:\/\/labourdenne.fr\/index.php\/wp-json\/wp\/v2\/types\/page"}],"author":[{"embeddable":true,"href":"https:\/\/labourdenne.fr\/index.php\/wp-json\/wp\/v2\/users\/1"}],"replies":[{"embeddable":true,"href":"https:\/\/labourdenne.fr\/index.php\/wp-json\/wp\/v2\/comments?post=3021"}],"version-history":[{"count":3,"href":"https:\/\/labourdenne.fr\/index.php\/wp-json\/wp\/v2\/pages\/3021\/revisions"}],"predecessor-version":[{"id":3024,"href":"https:\/\/labourdenne.fr\/index.php\/wp-json\/wp\/v2\/pages\/3021\/revisions\/3024"}],"up":[{"embeddable":true,"href":"https:\/\/labourdenne.fr\/index.php\/wp-json\/wp\/v2\/pages\/4"}],"wp:attachment":[{"href":"https:\/\/labourdenne.fr\/index.php\/wp-json\/wp\/v2\/media?parent=3021"}],"curies":[{"name":"wp","href":"https:\/\/api.w.org\/{rel}","templated":true}]}}