{"id":4,"date":"2015-11-13T22:24:25","date_gmt":"2015-11-13T21:24:25","guid":{"rendered":"http:\/\/labourdenne.fr\/?page_id=4"},"modified":"2025-03-25T22:28:07","modified_gmt":"2025-03-25T21:28:07","slug":"qui-sommes-nous","status":"publish","type":"page","link":"https:\/\/labourdenne.fr\/index.php\/qui-sommes-nous\/","title":{"rendered":"Qui sommes nous ?"},"content":{"rendered":"<h1>L&rsquo;association en quelques mots<\/h1>\n<p style=\"text-align: justify;\">L&rsquo;association La Bourdenne a \u00e9t\u00e9 fond\u00e9e en novembre 1997. Elle se situe \u00e0\u00a0Buzy, petite commune des Pyr\u00e9n\u00e9es Atlantiques\u00a0aux portes de la\u00a0vall\u00e9e d&rsquo;Ossau. Elle a pour but de promouvoir la vie culturelle et sportive de la commune. Elle r\u00e9unit\u00a0plusieurs sections qui sont g\u00e9r\u00e9es\u00a0de mani\u00e8re plus ou moins ind\u00e9pendante\u00a0par\u00a0des personnes\u00a0anim\u00e9es par une\u00a0m\u00eame passion. Elle donne la possibilit\u00e9 de cr\u00e9er de\u00a0nouvelles sections dont la p\u00e9rennit\u00e9 n&rsquo;aura pour seule limite que la motivation de leurs animateurs. Un bureau permanent apporte\u00a0une structure p\u00e9renne afin\u00a0de faciliter la cr\u00e9ation de nouvelles activit\u00e9s. En 2019, deux nouvelles sections ont vu le jour, la section <a href=\"http:\/\/labourdenne.fr\/index.php\/atelier-loisirs-creatifs\/\">Loisirs Cr\u00e9atifs<\/a> et la section <a href=\"https:\/\/labourdenne.fr\/index.php\/patrimoine\/\">Patrimoine<\/a><\/p>\n<h1>Le bureau<\/h1>\n<ul>\n<li>Co-pr\u00e9sidents : <strong>Carole Mortiau<\/strong> \/ <strong>Fran\u00e7ois Casabonne<\/strong><\/li>\n<li>Tr\u00e9sori\u00e8re : <strong>B\u00e9n\u00e9dicte Charpantier\u00a0<\/strong>\/ Tr\u00e9sori\u00e8re adjointe: <strong>Corinne Lescurat<\/strong><\/li>\n<li>Secr\u00e9taire : <strong>Vincent Mingam<\/strong> \/ Secr\u00e9taire adjoint: <strong>J\u00e9r\u00f4me Dufourcq<\/strong><\/li>\n<li>Membres actifs : Dani\u00e8le Bigu\u00e9, Marie-Ange Abadia, Aur\u00e9lie Holley, Jalel Zouheiri, David Motard<\/li>\n<\/ul>\n<h1>Adresse<\/h1>\n<p>1 Place de la Mairie,\u00a064260 BUZY<\/p>\n<p><iframe loading=\"lazy\" style=\"border: 1px solid black;\" src=\"https:\/\/www.openstreetmap.org\/export\/embed.html?bbox=-0.45976817607879644%2C43.13335868496376%2C-0.45644760131835943%2C43.13517706440125&amp;layer=mapnik&amp;marker=43.134267881441026%2C-0.4581078886985779\" width=\"600\" height=\"400\" frameborder=\"0\" marginwidth=\"0\" marginheight=\"0\" scrolling=\"no\"><\/iframe><br \/>\n<small><a href=\"https:\/\/www.openstreetmap.org\/?mlat=43.13427&amp;mlon=-0.45811#map=19\/43.13427\/-0.45811&amp;layers=N\">Afficher une carte plus grande<\/a><\/small><\/p>\n","protected":false},"excerpt":{"rendered":"<p>L&rsquo;association en quelques mots L&rsquo;association La Bourdenne a \u00e9t\u00e9 fond\u00e9e en novembre 1997. Elle se situe \u00e0\u00a0Buzy, petite commune des Pyr\u00e9n\u00e9es Atlantiques\u00a0aux portes de la\u00a0vall\u00e9e d&rsquo;Ossau. Elle a pour but de promouvoir la vie culturelle et sportive de la commune. Elle r\u00e9unit\u00a0plusieurs sections qui sont g\u00e9r\u00e9es\u00a0de mani\u00e8re plus ou moins ind\u00e9pendante\u00a0par\u00a0des personnes\u00a0anim\u00e9es par une\u00a0m\u00eame passion. [&hellip;]<\/p>\n","protected":false},"author":1,"featured_media":0,"parent":0,"menu_order":0,"comment_status":"closed","ping_status":"closed","template":"","meta":{"footnotes":""},"class_list":["post-4","page","type-page","status-publish","hentry"],"jetpack_sharing_enabled":true,"jetpack_shortlink":"https:\/\/wp.me\/P6WNWb-4","jetpack-related-posts":[{"id":4119,"url":"https:\/\/labourdenne.fr\/index.php\/inscription\/","url_meta":{"origin":4,"position":0},"title":"Adh\u00e9sion \u00e0 l&rsquo;association","author":"Vincent","date":"26 mars 2025","format":false,"excerpt":"Pour participer aux activit\u00e9s d'une ou plusieurs sections de l'association, vous devez adh\u00e9rer \u00e0 l'association. S'inscrire Vous pouvez vous inscrire directement avec le formulaire en ligne. Pour des raisons de s\u00e9curit\u00e9, il n'est ouvert que du 1er septembre au 31 octobre, mais les inscriptions restent possible de septembre \u00e0 juin\u2026","rel":"","context":"Article similaire","block_context":{"text":"Article similaire","link":""},"img":{"alt_text":"","src":"","width":0,"height":0},"classes":[]},{"id":2104,"url":"https:\/\/labourdenne.fr\/index.php\/patrimoine\/","url_meta":{"origin":4,"position":1},"title":"Patrimoine","author":"Vincent","date":"20 janvier 2019","format":false,"excerpt":"Cette section, n\u00e9e en janvier 2019 suite \u00e0 plusieurs initiatives civiques dans le cadre de l'association. Elle a pour but de r\u00e9unir des personnes d\u00e9sireuses de s'investir dans la restauration et le maintien du patrimoine de la commune. Le b\u00e2ti, les histoires de nos anciens, les paysages, les archives communales,\u2026","rel":"","context":"Article similaire","block_context":{"text":"Article similaire","link":""},"img":{"alt_text":"","src":"","width":0,"height":0},"classes":[]},{"id":25,"url":"https:\/\/labourdenne.fr\/index.php\/atelier-gym\/","url_meta":{"origin":4,"position":2},"title":"Gym","author":"Vincent","date":"14 novembre 2015","format":false,"excerpt":"L'activit\u00e9 gymnastique se d\u00e9roule \ud83d\udcc6 Tous les mardis de 16:30 \u00e0 17:30 \ud83d\udccdA l'espace Sagette (place du Prat, Buzy) \ud83e\ude99 40 \u20ac par trimestre + adh\u00e9sion \u00e0 l'asso L'adh\u00e9sion \u00e0 l'association est obligatoire (10 \u20ac par an et par personne) Venez nous rendre visite et \u00e9ventuellement faire un essai. L'ambiance\u2026","rel":"","context":"Article similaire","block_context":{"text":"Article similaire","link":""},"img":{"alt_text":"","src":"","width":0,"height":0},"classes":[]},{"id":34,"url":"https:\/\/labourdenne.fr\/index.php\/atelier-cuisine\/","url_meta":{"origin":4,"position":3},"title":"Cuisine","author":"Vincent","date":"25 ao\u00fbt 2022","format":false,"excerpt":"Les ateliers cuisine du monde ont repris en cette rentr\u00e9e 2025, dans le plaisir si simple de partager un bon moment autour d'un bon plat. Un samedi par mois \u00e0 partir de 17:00 \u00e0 Buzy\u00a0les marmitons se r\u00e9unissent pour partager et apprendre des recettes du monde entier. En fonction des\u2026","rel":"","context":"Article similaire","block_context":{"text":"Article similaire","link":""},"img":{"alt_text":"","src":"https:\/\/i0.wp.com\/labourdenne.fr\/wp-content\/uploads\/2023\/11\/IMG_7483-Grande.jpeg?resize=350%2C200&ssl=1","width":350,"height":200,"srcset":"https:\/\/i0.wp.com\/labourdenne.fr\/wp-content\/uploads\/2023\/11\/IMG_7483-Grande.jpeg?resize=350%2C200&ssl=1 1x, https:\/\/i0.wp.com\/labourdenne.fr\/wp-content\/uploads\/2023\/11\/IMG_7483-Grande.jpeg?resize=525%2C300&ssl=1 1.5x, https:\/\/i0.wp.com\/labourdenne.fr\/wp-content\/uploads\/2023\/11\/IMG_7483-Grande.jpeg?resize=700%2C400&ssl=1 2x, https:\/\/i0.wp.com\/labourdenne.fr\/wp-content\/uploads\/2023\/11\/IMG_7483-Grande.jpeg?resize=1050%2C600&ssl=1 3x"},"classes":[]},{"id":2042,"url":"https:\/\/labourdenne.fr\/index.php\/atelier-loisirs-creatifs\/","url_meta":{"origin":4,"position":4},"title":"Loisirs Cr\u00e9atifs","author":"Vincent","date":"10 janvier 2019","format":false,"excerpt":"Venez d\u00e9couvrir diff\u00e9rentes activit\u00e9s cr\u00e9atives, acqu\u00e9rir des techniques, partager vos comp\u00e9tences et d\u00e9velopper votre esprit cr\u00e9atif dans une ambiance conviviale! Le programme s'\u00e9laborera au fur et \u00e0 mesure des s\u00e9ances entre les membres de la section pr\u00e9sents. Quand ? Le lundi \u00e0 18h pour les ados et \u00e0 19h30 pour\u2026","rel":"","context":"Article similaire","block_context":{"text":"Article similaire","link":""},"img":{"alt_text":"","src":"","width":0,"height":0},"classes":[]},{"id":3750,"url":"https:\/\/labourdenne.fr\/index.php\/communs\/","url_meta":{"origin":4,"position":5},"title":"Partage des communs (plancha, friteuse, percolateur)","author":"Vincent","date":"23 novembre 2023","format":false,"excerpt":"Toutes les associations de Buzy b\u00e9n\u00e9ficient de la possibilit\u00e9 d'emprunter du mat\u00e9riel pour l'organisation de leurs manifestations, f\u00eates et \u00e9v\u00e8nements dans le village. Dans une action de mutualisation des achats, les associations de Buzy, gr\u00e2ce au solde de la tr\u00e9sorerie de l'association BSL (r\u00e9cup\u00e9r\u00e9e \u00e0 sa dissolution) ont acquis :\u2026","rel":"","context":"Article similaire","block_context":{"text":"Article similaire","link":""},"img":{"alt_text":"","src":"","width":0,"height":0},"classes":[]}],"_links":{"self":[{"href":"https:\/\/labourdenne.fr\/index.php\/wp-json\/wp\/v2\/pages\/4","targetHints":{"allow":["GET"]}}],"collection":[{"href":"https:\/\/labourdenne.fr\/index.php\/wp-json\/wp\/v2\/pages"}],"about":[{"href":"https:\/\/labourdenne.fr\/index.php\/wp-json\/wp\/v2\/types\/page"}],"author":[{"embeddable":true,"href":"https:\/\/labourdenne.fr\/index.php\/wp-json\/wp\/v2\/users\/1"}],"replies":[{"embeddable":true,"href":"https:\/\/labourdenne.fr\/index.php\/wp-json\/wp\/v2\/comments?post=4"}],"version-history":[{"count":13,"href":"https:\/\/labourdenne.fr\/index.php\/wp-json\/wp\/v2\/pages\/4\/revisions"}],"predecessor-version":[{"id":4115,"href":"https:\/\/labourdenne.fr\/index.php\/wp-json\/wp\/v2\/pages\/4\/revisions\/4115"}],"wp:attachment":[{"href":"https:\/\/labourdenne.fr\/index.php\/wp-json\/wp\/v2\/media?parent=4"}],"curies":[{"name":"wp","href":"https:\/\/api.w.org\/{rel}","templated":true}]}}